{"id":8206,"date":"2021-06-22T10:08:36","date_gmt":"2021-06-22T10:08:36","guid":{"rendered":"http:\/\/www.mbboats.dk\/shop\/?post_type=product&#038;p=8206"},"modified":"2026-02-05T21:29:28","modified_gmt":"2026-02-05T21:29:28","slug":"bf100-xrtu","status":"publish","type":"product","link":"https:\/\/www.mbboats.dk\/shop\/vare\/bf100-xrtu\/","title":{"rendered":"BF100 XRTU"},"content":{"rendered":"<p><strong>Motor<\/strong><br \/>\nOHC &#8211; 4 cylindre, 1496 cm3, 16 ventiler &#8211; VTEC, Elektronisk indspr\u00f8jtning (PGM-FI), Elektronisk mikrocomputerstyret, omdrejningsinterval 5300 &#8211; 6300 omdr.\/min, Ydelse 100 hk (73,6 kW), tomgang 750 omdr.\/min, udst\u00f8dning gennem propelnav<\/p>\n<p><strong>Transmission<\/strong><br \/>\nFrem &#8211; Neutral &#8211; Bak, udveksling 2,33<\/p>\n<p><strong>Starter<\/strong><br \/>\nEl-start<\/p>\n<p><strong>Styring<\/strong><br \/>\nFjernbetjening<\/p>\n<p><strong>Ladespole<\/strong><br \/>\n12 V &#8211; 44 A<\/p>\n<p><strong>Tilt<\/strong><br \/>\nHydraulisk<\/p>\n<p><strong>Benl\u00e6ngde<\/strong><br \/>\n664 mm (X)<\/p>\n<p><strong>Ydelse<\/strong><br \/>\n100 HK<\/p>\n<p><strong>M\u00e5l<\/strong><br \/>\n746 mm x 449 mm x 1693 mm<\/p>\n<p><strong>V\u00e6gt<\/strong><br \/>\n166,0 kg<\/p>\n","protected":false},"excerpt":{"rendered":"<p class=\"section\">S\u00e6t kurs mod horisonten med disse topmoderne kvalitetsmotorer. Som svar p\u00e5 forbrugerens krav om en bedre benzin\u00f8konomi og ydelse i 100 hestes klassen, udviklede Honda denne revolutionerende nye motor til at bl\u00e6se konkurrenterne ud af vandet. BF90 og BF75 blev pr\u00e6senteret i 2007 hvor de satte nye gr\u00e6nser for v\u00e6gt og benzinforbrug. Disse topmodeller, der er de bedste i deres klasse, har et eminent t\u00e6ndingssystem med BLAST, der sikrer en ekstra kraftig acceleration, samt MBT Trace Control for det bedste drejningsmoment og ekstra kraft. BF 90 har ogs\u00e5 Hondas eksklusive, enest\u00e5ende og unikke VTEC ventilstyringssystem som giver st\u00f8rre moment, ydelse og bedre benzin\u00f8konomi ved alle hastigheder. Blandt de letteste i klassen, og med et elegant ergonomisk design, fremtr\u00e6der begge motorer str\u00f8mlinede, kompakte og elegante. Det moderne hydrodynamisk gearhus, det lille svinghjul og 4-lags beskyttelsessystem mod korrosion er komponenter der understreger Hondas l\u00f8fte om lang tids holdbarhed. Den giver vi 5 \u00e5rs garanti p\u00e5 gennem vores serviceprogram. Takket v\u00e6ret Hondas nye elektroniske multipoint indspr\u00f8jtningssystem (EFI) og et 3-vejs k\u00f8lesystem der optimerer driftstemperaturen, har disse motorer en overlegen benzin\u00f8konomi. Udledningen af CO2 og forurening er mindst 20% lavere end de fleste 4-takt konkurrenter. Honda anstrenger sig konstant for at \u00f8ge ydelsen med mindre forurening.<\/p>\n<p class=\"section\">Inkl. sidemonteret betjeningsboks med motorlamper og n\u00f8gle, omdr. t\u00e6ller med timet\u00e6ller, trimmeter &amp;\u00a0alupropel.<\/p>\n","protected":false},"featured_media":22050,"template":"","meta":[],"product_cat":[31,35],"product_tag":[226,101,60,61,227],"jetpack_sharing_enabled":true,"_links":{"self":[{"href":"https:\/\/www.mbboats.dk\/shop\/wp-json\/wp\/v2\/product\/8206"}],"collection":[{"href":"https:\/\/www.mbboats.dk\/shop\/wp-json\/wp\/v2\/product"}],"about":[{"href":"https:\/\/www.mbboats.dk\/shop\/wp-json\/wp\/v2\/types\/product"}],"wp:featuredmedia":[{"embeddable":true,"href":"https:\/\/www.mbboats.dk\/shop\/wp-json\/wp\/v2\/media\/22050"}],"wp:attachment":[{"href":"https:\/\/www.mbboats.dk\/shop\/wp-json\/wp\/v2\/media?parent=8206"}],"wp:term":[{"taxonomy":"product_cat","embeddable":true,"href":"https:\/\/www.mbboats.dk\/shop\/wp-json\/wp\/v2\/product_cat?post=8206"},{"taxonomy":"product_tag","embeddable":true,"href":"https:\/\/www.mbboats.dk\/shop\/wp-json\/wp\/v2\/product_tag?post=8206"}],"curies":[{"name":"wp","href":"https:\/\/api.w.org\/{rel}","templated":true}]}}