{"id":8073,"date":"2021-06-19T18:34:27","date_gmt":"2021-06-19T18:34:27","guid":{"rendered":"http:\/\/www.mbboats.dk\/shop\/?post_type=product&#038;p=8073"},"modified":"2026-02-05T19:19:25","modified_gmt":"2026-02-05T19:19:25","slug":"bf20-lhu","status":"publish","type":"product","link":"https:\/\/www.mbboats.dk\/shop\/vare\/bf20-lhu\/","title":{"rendered":"BF20 LHU"},"content":{"rendered":"<p><strong>Motor<\/strong><br \/>\nOHC &#8211; 2 cylindre, 350 cm3, , 1 karburator m\/accelerationspumpe, Elektronisk PGM-IG (programmeret t\u00e6ndingssystem), omdrejningsinterval 5000-6000 omdr.\/min., Ydelse 20 hk (14,7 kW), tomgang , udst\u00f8dning gennem propelnav<\/p>\n<p><strong>Tank<\/strong><br \/>\n12,5 ltr. separat tank<\/p>\n<p><strong>Transmission<\/strong><br \/>\nFrem &#8211; Neutral &#8211; Bak, udveksling 2,08<\/p>\n<p><strong>Styring<\/strong><br \/>\nStyreh\u00e5ndtag<\/p>\n<p><strong>Ladespole<\/strong><br \/>\n12 V &#8211; 6 A<\/p>\n<p><strong>Tilt<\/strong><br \/>\nManuel<\/p>\n<p><strong>Benl\u00e6ngde<\/strong><br \/>\n563 mm (L)<\/p>\n<p><strong>Ydelse<\/strong><br \/>\n20 HK<\/p>\n<p><strong>Propel<\/strong><br \/>\n9 1\/4 x 10&#8243; (4 blade)&#8221;<\/p>\n<p><strong>M\u00e5l<\/strong><br \/>\n650 mm x 350 mm x 1240 mm<\/p>\n<p><strong>V\u00e6gt<\/strong><br \/>\n49,5 kg<\/p>\n<p>&nbsp;<\/p>\n","protected":false},"excerpt":{"rendered":"<p>BF20 er en let kompakt og stilf\u00e6rdig motor, som pryder enhver b\u00e5d med sit smukke ydre.\u00a0BF20 har et avanceret penduloph\u00e6ng s\u00e5 vibrationer ikke overf\u00f8res til b\u00e5den. Med to cylindre tilbyder BF20 masser af kraft, god \u00f8konomi, lav vedligeholdelse og alle de fordele, der kan opn\u00e5s fra en 4-takt motor. BF20 LHU har midtermonteret styreh\u00e5ndtag med integreret gearv\u00e6lger.<\/p>\n","protected":false},"featured_media":22069,"template":"","meta":[],"product_cat":[21,31,32],"product_tag":[],"jetpack_sharing_enabled":true,"_links":{"self":[{"href":"https:\/\/www.mbboats.dk\/shop\/wp-json\/wp\/v2\/product\/8073"}],"collection":[{"href":"https:\/\/www.mbboats.dk\/shop\/wp-json\/wp\/v2\/product"}],"about":[{"href":"https:\/\/www.mbboats.dk\/shop\/wp-json\/wp\/v2\/types\/product"}],"wp:featuredmedia":[{"embeddable":true,"href":"https:\/\/www.mbboats.dk\/shop\/wp-json\/wp\/v2\/media\/22069"}],"wp:attachment":[{"href":"https:\/\/www.mbboats.dk\/shop\/wp-json\/wp\/v2\/media?parent=8073"}],"wp:term":[{"taxonomy":"product_cat","embeddable":true,"href":"https:\/\/www.mbboats.dk\/shop\/wp-json\/wp\/v2\/product_cat?post=8073"},{"taxonomy":"product_tag","embeddable":true,"href":"https:\/\/www.mbboats.dk\/shop\/wp-json\/wp\/v2\/product_tag?post=8073"}],"curies":[{"name":"wp","href":"https:\/\/api.w.org\/{rel}","templated":true}]}}