{"id":8060,"date":"2021-06-19T18:22:27","date_gmt":"2021-06-19T18:22:27","guid":{"rendered":"http:\/\/www.mbboats.dk\/shop\/?post_type=product&#038;p=8060"},"modified":"2026-05-11T20:59:15","modified_gmt":"2026-05-11T20:59:15","slug":"bf15-lhu","status":"publish","type":"product","link":"https:\/\/www.mbboats.dk\/shop\/vare\/bf15-lhu\/","title":{"rendered":"BF15 LHU"},"content":{"rendered":"<p><strong>Motor<\/strong><br \/>\nOHC &#8211; 2 cylindre, 350 cm3, , 1 karburator m\/accelerationspumpe, Elektronisk PGM-IG (programmeret t\u00e6ndingssytem), omdrejningsinterval 4500 &#8211; 5500 omdr.\/min., Ydelse 15 hk (11,0 kW), tomgang , udst\u00f8dning gennem propelnav<\/p>\n<p><strong>Tank<\/strong><br \/>\n12,5 ltr. separat PVC-tank<\/p>\n<p><strong>Transmission<\/strong><br \/>\nFrem &#8211; Neutral &#8211; Bak, udveksling 2,08<\/p>\n<p><strong>Styring<\/strong><br \/>\nStyreh\u00e5ndtag<\/p>\n<p><strong>Ladespole<\/strong><br \/>\n12 V &#8211; 6 A<\/p>\n<p><strong>Tilt<\/strong><br \/>\nManuel<\/p>\n<p><strong>Benl\u00e6ngde<\/strong><br \/>\n563 mm (L)<\/p>\n<p><strong>Ydelse<\/strong><br \/>\n15 HK<\/p>\n<p><strong>Propel<\/strong><br \/>\n9 1\/4 x 10&#8243; (4 blade)&#8221;<\/p>\n<p><strong>M\u00e5l<\/strong><br \/>\n650 mm x 350 mm x 1240 mm<\/p>\n<p><strong>V\u00e6gt<\/strong><br \/>\n49,5 kg<\/p>\n<p>&nbsp;<\/p>\n","protected":false},"excerpt":{"rendered":"<div id=\"module778_1_layoutbox18\" class=\"layoutbox\" data-ts-variant=\"1\">\n<div id=\"layout778sub1mergefield28\" class=\"layoutfieldwrapper mergefield\" data-ts-variant=\"1\">\n<div class=\"vdcontent\">\n<div class=\"section\">\n<p>Langbenet &#8211; Styreh\u00e5ndtag<\/p>\n<p>BF15 LHU er identisk med SHU-versionen, men leveres med langt motorben (563 mm) til fart\u00f8jer med fribordh\u00f8jde op til ca. 560 mm. 4-takts 350 cm\u00b2 2-cylindret motor med ladesystem 12V\/6A. Den stille og effektive motor leverer h\u00f8jt drejningsmoment og j\u00e6vn drift. Styreh\u00e5ndtag med integreret gas og gearskifte giver direkte og intuitiv betjening. Ladesystemet p\u00e5 12V\/6A holder batteriet opladet. Manuel tilt giver nem kontrol over motorens position. Leveres med 4-bladet propel (9\u00bc x 10 tommer). Velegnet til joller og mellemstore rob\u00e5de med fribordh\u00f8jde op til ca. 560 mm.<\/p>\n<\/div>\n<\/div>\n<\/div>\n<\/div>\n<div id=\"module778_1_layoutbox7\" class=\"layoutbox order-popup\" data-ts-variant=\"1\" data-ts-transitionstate=\"state1\" data-responsive-transitions=\"[{'mode':0,'type':'userdefined'},{'mode':900,'type':'userdefined'},{'mode':360,'type':'userdefined'}]\" data-ts-transitiontype=\"userdefined\">\n<div id=\"module778_1_layoutbox11\" class=\"layoutbox overflow\" data-ts-variant=\"1\"><\/div>\n<\/div>\n","protected":false},"featured_media":23223,"template":"","meta":[],"product_cat":[21,31,32],"product_tag":[276,101,60,112,61,151],"jetpack_sharing_enabled":true,"_links":{"self":[{"href":"https:\/\/www.mbboats.dk\/shop\/wp-json\/wp\/v2\/product\/8060"}],"collection":[{"href":"https:\/\/www.mbboats.dk\/shop\/wp-json\/wp\/v2\/product"}],"about":[{"href":"https:\/\/www.mbboats.dk\/shop\/wp-json\/wp\/v2\/types\/product"}],"wp:featuredmedia":[{"embeddable":true,"href":"https:\/\/www.mbboats.dk\/shop\/wp-json\/wp\/v2\/media\/23223"}],"wp:attachment":[{"href":"https:\/\/www.mbboats.dk\/shop\/wp-json\/wp\/v2\/media?parent=8060"}],"wp:term":[{"taxonomy":"product_cat","embeddable":true,"href":"https:\/\/www.mbboats.dk\/shop\/wp-json\/wp\/v2\/product_cat?post=8060"},{"taxonomy":"product_tag","embeddable":true,"href":"https:\/\/www.mbboats.dk\/shop\/wp-json\/wp\/v2\/product_tag?post=8060"}],"curies":[{"name":"wp","href":"https:\/\/api.w.org\/{rel}","templated":true}]}}