{"id":8027,"date":"2021-06-18T20:18:39","date_gmt":"2021-06-18T20:18:39","guid":{"rendered":"http:\/\/www.mbboats.dk\/shop\/?post_type=product&#038;p=8027"},"modified":"2026-03-30T16:20:05","modified_gmt":"2026-03-30T16:20:05","slug":"bf6-lhu","status":"publish","type":"product","link":"https:\/\/www.mbboats.dk\/shop\/vare\/bf6-lhu\/","title":{"rendered":"BF6 LHU"},"content":{"rendered":"<p><strong>Motor<\/strong><br \/>\nOHV &#8211; 1 cylinder, 127 cm3, , 1 karburator, Elektronisk PGM-IG, omdrejningsinterval 5000 &#8211; 6000 omdr.\/min, Ydelse 6 hk (4,4 kW), tomgang , udst\u00f8dning under vandet<\/p>\n<p><strong>Tank<\/strong><br \/>\n1,5 ltr. indbygget tank<\/p>\n<p><strong>Transmission<\/strong><br \/>\nFrem &#8211; Neutral &#8211; Bak, udveksling 2,1<\/p>\n<p><strong>Styring<\/strong><br \/>\nStyreh\u00e5ndtag<\/p>\n<p><strong>Ladespole<\/strong><br \/>\n12V &#8211; 6A<\/p>\n<p><strong>Tilt<\/strong><br \/>\nManuel<\/p>\n<p><strong>Benl\u00e6ngde<\/strong><br \/>\n561 mm (L)<\/p>\n<p><strong>Ydelse<\/strong><br \/>\n6 HK<\/p>\n<p><strong>Propel<\/strong><br \/>\n7 7\/8 x 7 1\/2&#8243; (3 blade)&#8221;<\/p>\n<p><strong>M\u00e5l<\/strong><br \/>\n524 mm x 347 mm x 1147 mm<\/p>\n<p><strong>V\u00e6gt<\/strong><br \/>\n27,5 kg<\/p>\n","protected":false},"excerpt":{"rendered":"<p>De nye motorer p\u00e5 henholdsvis 4, 5 og 6 HK tilbyder det bedste indenfor Hondas teknologier i kompakte motorer. Med sit nye stilrene design og gennemt\u00e6nkte detaljer er Honda BF4, BF5 eller BF6 valget for dig som \u00f8nsker lidt mere. Under udviklingen har Hondas ingeni\u00f8rer haft fokus p\u00e5 at motoren skal v\u00e6re let at betjene og b\u00e6re men samtidig have den kraft og fornemmelse man opn\u00e5r med en st\u00f8rre p\u00e5h\u00e6ngsmotor. Det specialudviklede motoroph\u00e6ng fjerner vibrationerne og dekompressionen g\u00f8r motoren us\u00e6dvanligt let at starte. Alle modeller har en stor indbygget tank og p\u00e5 BF5 og BF6 er der mulighed for at tilslutte en ekstern tank. LHU og SHU modellerne er med indbygget 6A ladespole.<\/p>\n","protected":false},"featured_media":22076,"template":"","meta":[],"product_cat":[21,31,32],"product_tag":[],"jetpack_sharing_enabled":true,"_links":{"self":[{"href":"https:\/\/www.mbboats.dk\/shop\/wp-json\/wp\/v2\/product\/8027"}],"collection":[{"href":"https:\/\/www.mbboats.dk\/shop\/wp-json\/wp\/v2\/product"}],"about":[{"href":"https:\/\/www.mbboats.dk\/shop\/wp-json\/wp\/v2\/types\/product"}],"wp:featuredmedia":[{"embeddable":true,"href":"https:\/\/www.mbboats.dk\/shop\/wp-json\/wp\/v2\/media\/22076"}],"wp:attachment":[{"href":"https:\/\/www.mbboats.dk\/shop\/wp-json\/wp\/v2\/media?parent=8027"}],"wp:term":[{"taxonomy":"product_cat","embeddable":true,"href":"https:\/\/www.mbboats.dk\/shop\/wp-json\/wp\/v2\/product_cat?post=8027"},{"taxonomy":"product_tag","embeddable":true,"href":"https:\/\/www.mbboats.dk\/shop\/wp-json\/wp\/v2\/product_tag?post=8027"}],"curies":[{"name":"wp","href":"https:\/\/api.w.org\/{rel}","templated":true}]}}