{"id":236,"date":"2019-09-29T16:23:40","date_gmt":"2019-09-29T16:23:40","guid":{"rendered":"http:\/\/mbboats.dk.linux166.unoeuro-server.com\/shop\/?product=miki-500"},"modified":"2022-04-07T16:02:15","modified_gmt":"2022-04-07T16:02:15","slug":"miki-500","status":"publish","type":"product","link":"https:\/\/www.mbboats.dk\/shop\/vare\/miki-500\/","title":{"rendered":"MIKI 500"},"content":{"rendered":"<p>MIKI 500 er en god allround-b\u00e5d, som har lille planingst\u00e6rskel og god marchfart grundet den brede katamaran bund. Den har samtidig god lasteevne og ekstrem stor stabilitet, n\u00e5r man l\u00e6ner sig ud over r\u00e6lingen.<br \/>\nPrisen er for b\u00e5den som standard med ringd\u00e6k, men du kan selvf\u00f8lgelig, i et hvis omfang, v\u00e6re med til at bestemme indretningen. Ydermere, er der mulighed for ogs\u00e5 at tilk\u00f8be en kabine til b\u00e5den.<br \/>\nKig under ekstraudstyr under nye b\u00e5de og find ud af, hvad vi kan levere til din nye b\u00e5d&#8230;<\/p>\n<p><strong>Materiale:<\/strong> Glasfiberarmeret polyester<br \/>\n<strong>Skrog:<\/strong> Enkelt<br \/>\n<strong>Bund:<\/strong> Katamaran<br \/>\n<strong>Synkefri:<\/strong> Ja<br \/>\n<strong>Dimensioner: <\/strong>L x B x H: 4,85 m x 2,00 m x 0,90 m<br \/>\n<strong>L\u00e6ngde i fod:<\/strong> 16&#8243;<br \/>\n<strong>V\u00e6gt:<\/strong> Ca. 260 &#8211; kg. (model)<br \/>\n<strong>Dybdegang u. last:<\/strong> 0,30 m<br \/>\n<strong>Motortype:<\/strong> Outboard\/langt ben<br \/>\n<strong>Anbefalet hk:<\/strong> 8 &#8211; 40 hk<br \/>\n<strong>Max. personer:<\/strong> 6 personer<br \/>\n<strong>Farver:<\/strong> Valgfri<\/p>\n","protected":false},"excerpt":{"rendered":"<p>K\u00f8b mig<\/p>\n","protected":false},"featured_media":258,"template":"","meta":[],"product_cat":[15,36],"product_tag":[],"jetpack_sharing_enabled":true,"_links":{"self":[{"href":"https:\/\/www.mbboats.dk\/shop\/wp-json\/wp\/v2\/product\/236"}],"collection":[{"href":"https:\/\/www.mbboats.dk\/shop\/wp-json\/wp\/v2\/product"}],"about":[{"href":"https:\/\/www.mbboats.dk\/shop\/wp-json\/wp\/v2\/types\/product"}],"wp:featuredmedia":[{"embeddable":true,"href":"https:\/\/www.mbboats.dk\/shop\/wp-json\/wp\/v2\/media\/258"}],"wp:attachment":[{"href":"https:\/\/www.mbboats.dk\/shop\/wp-json\/wp\/v2\/media?parent=236"}],"wp:term":[{"taxonomy":"product_cat","embeddable":true,"href":"https:\/\/www.mbboats.dk\/shop\/wp-json\/wp\/v2\/product_cat?post=236"},{"taxonomy":"product_tag","embeddable":true,"href":"https:\/\/www.mbboats.dk\/shop\/wp-json\/wp\/v2\/product_tag?post=236"}],"curies":[{"name":"wp","href":"https:\/\/api.w.org\/{rel}","templated":true}]}}