{"id":235,"date":"2019-09-29T16:23:40","date_gmt":"2019-09-29T16:23:40","guid":{"rendered":"http:\/\/mbboats.dk.linux166.unoeuro-server.com\/shop\/?product=miki-430rx"},"modified":"2023-05-17T18:34:00","modified_gmt":"2023-05-17T18:34:00","slug":"miki-430rx","status":"publish","type":"product","link":"https:\/\/www.mbboats.dk\/shop\/vare\/miki-430rx\/","title":{"rendered":"MIKI 430RX"},"content":{"rendered":"<p>MIKI 430 RX er en god allround-b\u00e5d, som har lille planingst\u00e6rskel og god marchfart grundet bunden. Den har samtidig god lasteevne pga. det h\u00f8je fribord, og er let at h\u00e5ndtere som trailerb\u00e5d. Det er masser af stuerum under styrepulten, og i st\u00e6vnen er der en ankerbr\u00f8n med ophalerrulle.<br \/>\nPrisen er for b\u00e5den som standard med bla. rustfri s\u00f8gel\u00e6nder,\u00a0vindspejl, badestige, d\u00e6k og rat i teaktr\u00e6, lanternelys, hovedafbryder, elpanel.<\/p>\n<p>Billeder er vejledenede. Leveres incl. hynder.<\/p>\n<p>En held\u00e6kkende pressening + 4995,-<\/p>\n<p><strong>Materiale:<\/strong> Glasfiberarmeret polyester<br \/>\n<strong>Skrog:<\/strong> Dobbelt<br \/>\n<strong>Bund:<\/strong> V-bund<br \/>\n<strong>Synkefri:<\/strong> Ja<br \/>\n<strong>Dimensioner: <\/strong>L x B x H: 4,30 m x 1,78 m x 1,30 m<br \/>\n<strong>L\u00e6ngde i fod:<\/strong> 15&#8243;<br \/>\n<strong>V\u00e6gt:<\/strong> Ca. 300 kg.<br \/>\n<strong>Dybdegang u. last:<\/strong> 0,30 m<br \/>\n<strong>Motortype:<\/strong> Outboard\/langt ben<br \/>\n<strong>Anbefalet hk:<\/strong> 20 &#8211; 40 hk<br \/>\n<strong>Max. personer:<\/strong> 4 personer<br \/>\n<strong>Farver:<\/strong> Hvid \/ bl\u00e5<\/p>\n","protected":false},"excerpt":{"rendered":"<p>MIKI 430RX motorb\u00e5d<\/p>\n","protected":false},"featured_media":11147,"template":"","meta":[],"product_cat":[15,36],"product_tag":[],"jetpack_sharing_enabled":true,"_links":{"self":[{"href":"https:\/\/www.mbboats.dk\/shop\/wp-json\/wp\/v2\/product\/235"}],"collection":[{"href":"https:\/\/www.mbboats.dk\/shop\/wp-json\/wp\/v2\/product"}],"about":[{"href":"https:\/\/www.mbboats.dk\/shop\/wp-json\/wp\/v2\/types\/product"}],"wp:featuredmedia":[{"embeddable":true,"href":"https:\/\/www.mbboats.dk\/shop\/wp-json\/wp\/v2\/media\/11147"}],"wp:attachment":[{"href":"https:\/\/www.mbboats.dk\/shop\/wp-json\/wp\/v2\/media?parent=235"}],"wp:term":[{"taxonomy":"product_cat","embeddable":true,"href":"https:\/\/www.mbboats.dk\/shop\/wp-json\/wp\/v2\/product_cat?post=235"},{"taxonomy":"product_tag","embeddable":true,"href":"https:\/\/www.mbboats.dk\/shop\/wp-json\/wp\/v2\/product_tag?post=235"}],"curies":[{"name":"wp","href":"https:\/\/api.w.org\/{rel}","templated":true}]}}