{"id":233,"date":"2019-09-29T16:23:40","date_gmt":"2019-09-29T16:23:40","guid":{"rendered":"http:\/\/mbboats.dk.linux166.unoeuro-server.com\/shop\/?product=miki-420x"},"modified":"2024-06-09T00:41:18","modified_gmt":"2024-06-09T00:41:18","slug":"miki-420x","status":"publish","type":"product","link":"https:\/\/www.mbboats.dk\/shop\/vare\/miki-420x\/","title":{"rendered":"MIKI 420X model 2023"},"content":{"rendered":"<p>MIKI 420 X er en god allround-b\u00e5d, som har lille planingst\u00e6rskel og god marchfart grundet bunden. Det er den nye model af den popul\u00e6re MIKI 420. Den har samtidig god lasteevne og er let at h\u00e5ndtere som trailerb\u00e5d. Prisen er for b\u00e5den som standard med ringd\u00e6k og rustfrit s\u00f8gel\u00e6nder. OBS. Uden centerkonsol<\/p>\n<p><strong>Materiale:<\/strong> Glasfiberarmeret polyester<br \/>\n<strong>Skrog:<\/strong> Dobbelt<br \/>\n<strong>Bund:<\/strong> V-bund<br \/>\n<strong>Synkefri:<\/strong> Ja<br \/>\n<strong>Dimensioner: <\/strong>L x B x H: 4,20 m x 1,60 m x 0,90 m<br \/>\n<strong>L\u00e6ngde i fod:<\/strong> 14&#8243;<br \/>\n<strong>V\u00e6gt:<\/strong> 150 kg.<br \/>\n<strong>Dybdegang u. last:<\/strong> 0,20 m<br \/>\n<strong>Motortype:<\/strong> Outboard\/kort ben<br \/>\n<strong>Anbefalet hk:<\/strong> 4 &#8211; 30 hk<br \/>\n<strong>Max. personer:<\/strong> 4 personer<br \/>\n<strong>Farver:<\/strong> Valgfri<\/p>\n","protected":false},"excerpt":{"rendered":"<p>Model\u00e5r 2023, MIKI 420X uden centerpult &#8211; p\u00e5 lager<\/p>\n","protected":false},"featured_media":11185,"template":"","meta":[],"product_cat":[15,36],"product_tag":[],"jetpack_sharing_enabled":true,"_links":{"self":[{"href":"https:\/\/www.mbboats.dk\/shop\/wp-json\/wp\/v2\/product\/233"}],"collection":[{"href":"https:\/\/www.mbboats.dk\/shop\/wp-json\/wp\/v2\/product"}],"about":[{"href":"https:\/\/www.mbboats.dk\/shop\/wp-json\/wp\/v2\/types\/product"}],"wp:featuredmedia":[{"embeddable":true,"href":"https:\/\/www.mbboats.dk\/shop\/wp-json\/wp\/v2\/media\/11185"}],"wp:attachment":[{"href":"https:\/\/www.mbboats.dk\/shop\/wp-json\/wp\/v2\/media?parent=233"}],"wp:term":[{"taxonomy":"product_cat","embeddable":true,"href":"https:\/\/www.mbboats.dk\/shop\/wp-json\/wp\/v2\/product_cat?post=233"},{"taxonomy":"product_tag","embeddable":true,"href":"https:\/\/www.mbboats.dk\/shop\/wp-json\/wp\/v2\/product_tag?post=233"}],"curies":[{"name":"wp","href":"https:\/\/api.w.org\/{rel}","templated":true}]}}