{"id":23197,"date":"2026-04-25T21:29:42","date_gmt":"2026-04-25T21:29:42","guid":{"rendered":"https:\/\/www.mbboats.dk\/shop\/?post_type=product&#038;p=23197"},"modified":"2026-04-26T12:20:35","modified_gmt":"2026-04-26T12:20:35","slug":"miki-sx-700-brugt","status":"publish","type":"product","link":"https:\/\/www.mbboats.dk\/shop\/vare\/miki-sx-700-brugt\/","title":{"rendered":"MIKI SX700"},"content":{"rendered":"<p>MIKI SX700 daycruiser \u2013 en hurtig, stabil, og veldesignet allround daycruiser med flotte linjer, der er meget egnet til sejlads og vandsport i alle typer af danske farvande. B\u00e5den har lille planingst\u00e6rskel og god marchfart grundet bundens udformning. Den har samtidig en god lasteevne pga. det h\u00f8je fribord, og den er let at h\u00e5ndtere som trailerb\u00e5d. Det er masser af kabine- og afl\u00e6ggeplads under styrepulten. Trailer kan tilk\u00f8bes for 20.000,- kr.<\/p>\n<p>Dimensioner: L\u00e6ngde: 6,95 m.<br \/>\nL\u00e6ngde i fod: 23<br \/>\nV\u00e6gt: 2000 kg.<br \/>\nMotortype: Outboard\/kort ben<br \/>\nMax. personer: 8 personer.<\/p>\n<p>B\u00e5den kan beses i vores store b\u00e5dudstilling i S\u00f8nderjylland.<\/p>\n<p>For mere info om b\u00e5den &#8211; ring gerne p\u00e5 telefon: 7457 1486<\/p>\n","protected":false},"excerpt":{"rendered":"<p>Pakketilbud &#8211; MIKI SX700 daycruiser inkl. 325 hk. Suzuki motor(motor og b\u00e5d kun brugt ca.20 timer)<\/p>\n","protected":false},"featured_media":23198,"template":"","meta":[],"product_cat":[16],"product_tag":[94,145,75,53,55,78,76,146,165,149],"jetpack_sharing_enabled":true,"_links":{"self":[{"href":"https:\/\/www.mbboats.dk\/shop\/wp-json\/wp\/v2\/product\/23197"}],"collection":[{"href":"https:\/\/www.mbboats.dk\/shop\/wp-json\/wp\/v2\/product"}],"about":[{"href":"https:\/\/www.mbboats.dk\/shop\/wp-json\/wp\/v2\/types\/product"}],"wp:featuredmedia":[{"embeddable":true,"href":"https:\/\/www.mbboats.dk\/shop\/wp-json\/wp\/v2\/media\/23198"}],"wp:attachment":[{"href":"https:\/\/www.mbboats.dk\/shop\/wp-json\/wp\/v2\/media?parent=23197"}],"wp:term":[{"taxonomy":"product_cat","embeddable":true,"href":"https:\/\/www.mbboats.dk\/shop\/wp-json\/wp\/v2\/product_cat?post=23197"},{"taxonomy":"product_tag","embeddable":true,"href":"https:\/\/www.mbboats.dk\/shop\/wp-json\/wp\/v2\/product_tag?post=23197"}],"curies":[{"name":"wp","href":"https:\/\/api.w.org\/{rel}","templated":true}]}}