{"id":231,"date":"2019-09-29T16:23:40","date_gmt":"2019-09-29T16:23:40","guid":{"rendered":"http:\/\/mbboats.dk.linux166.unoeuro-server.com\/shop\/?product=miki-350"},"modified":"2022-04-07T16:03:08","modified_gmt":"2022-04-07T16:03:08","slug":"miki-350","status":"publish","type":"product","link":"https:\/\/www.mbboats.dk\/shop\/vare\/miki-350\/","title":{"rendered":"MIKI 350"},"content":{"rendered":"<p>MIKI 350 er en god og h\u00e5ndterlig b\u00e5d med v-bund. Den har god lasteevne og er ogs\u00e5 ret s\u00f8st\u00e6rk. Planer med en person fra 6 hk.<br \/>\nPrisen er for b\u00e5den som standard, men du kan selvf\u00f8lgelig selv v\u00e6re med til at bestemme, hvordan indretningen skal v\u00e6re.<\/p>\n<p><strong>Materiale:<\/strong> Glasfiberarmeret polyester<br \/>\n<strong>Skrog:<\/strong> Enkelt<br \/>\n<strong>Bund:<\/strong> Faldbundet med lille k\u00f8l<br \/>\n<strong>Synkefri:<\/strong> Ja<br \/>\n<strong>Dimensioner: <\/strong>L x B x H: 3,50 m x 1,50 m x 0,70 m<br \/>\n<strong>L\u00e6ngde i fod:<\/strong> 12&#8243;<br \/>\n<strong>V\u00e6gt:<\/strong> Ca. 70 kg.<br \/>\n<strong>Dybdegang u. last:<\/strong> 0,20 m<br \/>\n<strong>Motortype:<\/strong> Outboard\/kort ben<br \/>\n<strong>Anbefalet hk:<\/strong> 2 &#8211; 10 hk<br \/>\n<strong>Max. personer:<\/strong> 3 &#8211; 4 personer<br \/>\n<strong>Farver:<\/strong> Valgfri<\/p>\n","protected":false},"excerpt":{"rendered":"<p>K\u00f8b mig<\/p>\n","protected":false},"featured_media":248,"template":"","meta":[],"product_cat":[15,36],"product_tag":[],"jetpack_sharing_enabled":true,"_links":{"self":[{"href":"https:\/\/www.mbboats.dk\/shop\/wp-json\/wp\/v2\/product\/231"}],"collection":[{"href":"https:\/\/www.mbboats.dk\/shop\/wp-json\/wp\/v2\/product"}],"about":[{"href":"https:\/\/www.mbboats.dk\/shop\/wp-json\/wp\/v2\/types\/product"}],"wp:featuredmedia":[{"embeddable":true,"href":"https:\/\/www.mbboats.dk\/shop\/wp-json\/wp\/v2\/media\/248"}],"wp:attachment":[{"href":"https:\/\/www.mbboats.dk\/shop\/wp-json\/wp\/v2\/media?parent=231"}],"wp:term":[{"taxonomy":"product_cat","embeddable":true,"href":"https:\/\/www.mbboats.dk\/shop\/wp-json\/wp\/v2\/product_cat?post=231"},{"taxonomy":"product_tag","embeddable":true,"href":"https:\/\/www.mbboats.dk\/shop\/wp-json\/wp\/v2\/product_tag?post=231"}],"curies":[{"name":"wp","href":"https:\/\/api.w.org\/{rel}","templated":true}]}}