{"id":22773,"date":"2025-03-29T17:41:22","date_gmt":"2025-03-29T17:41:22","guid":{"rendered":"https:\/\/www.mbboats.dk\/shop\/?post_type=product&#038;p=22773"},"modified":"2025-04-03T18:58:34","modified_gmt":"2025-04-03T18:58:34","slug":"terhi-saiman","status":"publish","type":"product","link":"https:\/\/www.mbboats.dk\/shop\/vare\/terhi-saiman\/","title":{"rendered":"TERHI Saiman"},"content":{"rendered":"<p><strong>Max. motor<\/strong><br \/>\n5 hk (BF5)<\/p>\n<p><strong>Passagerer<\/strong><br \/>\n4<\/p>\n<p><strong>Yderligere<\/strong><br \/>\nKan ogs\u00e5 bestilles i gr\u00f8n\/hvid og gr\u00f8n\/gr\u00f8n<\/p>\n<p><strong>Hastigheder<\/strong><br \/>\n7 kn med BF 5<\/p>\n<p><strong>L\u00e6ngde<\/strong><br \/>\n478 cm<\/p>\n<p><strong>Bredde<\/strong><br \/>\n148 cm<\/p>\n<p><strong>M\u00e5l<\/strong><br \/>\n478 cm x 148 cm<\/p>\n<p><strong>V\u00e6gt<\/strong><br \/>\n105 kg<\/p>\n","protected":false},"excerpt":{"rendered":"<p><strong>Terhi Saiman med <span class=\"section_graa\">synkefri dobbeltskrog.<\/span><\/strong><\/p>\n<p>Terhi\u00b4s version af den traditionelle finske rob\u00e5d. Denne \u00e5bne b\u00e5d bev\u00e6ger sig let og glat med \u00e5rer eller med motor, men den er meget lettere at vedligeholde end traditionelle rob\u00e5de. Saiman\u00b4s st\u00e6rke sandwichskrog af ABS-plast t\u00e5ler h\u00e5rde p\u00e5virkninger meget bedre end b\u00e5de lavet af tr\u00e6 eller glasfiber. Denne vedligeholdelsesfri b\u00e5d har plads til to s\u00e6t \u00e5rer og en lille p\u00e5h\u00e6ngsmotor. Afl\u00e5sbare stuverum er ogs\u00e5 tilg\u00e6ngelige i denne model, og Saiman har ogs\u00e5 en midterb\u00e6nk, der er flytbar.<\/p>\n","protected":false},"featured_media":22774,"template":"","meta":[],"product_cat":[15,33],"product_tag":[119,120,118,116,114],"jetpack_sharing_enabled":true,"_links":{"self":[{"href":"https:\/\/www.mbboats.dk\/shop\/wp-json\/wp\/v2\/product\/22773"}],"collection":[{"href":"https:\/\/www.mbboats.dk\/shop\/wp-json\/wp\/v2\/product"}],"about":[{"href":"https:\/\/www.mbboats.dk\/shop\/wp-json\/wp\/v2\/types\/product"}],"wp:featuredmedia":[{"embeddable":true,"href":"https:\/\/www.mbboats.dk\/shop\/wp-json\/wp\/v2\/media\/22774"}],"wp:attachment":[{"href":"https:\/\/www.mbboats.dk\/shop\/wp-json\/wp\/v2\/media?parent=22773"}],"wp:term":[{"taxonomy":"product_cat","embeddable":true,"href":"https:\/\/www.mbboats.dk\/shop\/wp-json\/wp\/v2\/product_cat?post=22773"},{"taxonomy":"product_tag","embeddable":true,"href":"https:\/\/www.mbboats.dk\/shop\/wp-json\/wp\/v2\/product_tag?post=22773"}],"curies":[{"name":"wp","href":"https:\/\/api.w.org\/{rel}","templated":true}]}}