{"id":22698,"date":"2025-01-14T20:06:30","date_gmt":"2025-01-14T20:06:30","guid":{"rendered":"https:\/\/www.mbboats.dk\/shop\/?post_type=product&#038;p=22698"},"modified":"2025-08-23T15:43:59","modified_gmt":"2025-08-23T15:43:59","slug":"galia-560-kabinebaad","status":"publish","type":"product","link":"https:\/\/www.mbboats.dk\/shop\/vare\/galia-560-kabinebaad\/","title":{"rendered":"Galia 560 inkl. Yamaha 100 hk."},"content":{"rendered":"<p>En hurtig, og virkelig god allround kabineb\u00e5d, med et elegant design. B\u00e5den er velegnet som daycruiser, og alle typer vandsport. B\u00e5d og motor er fint velholdte, og fremst\u00e5r med almindelig brugsslitage. Samlet pris for b\u00e5d og motor: 97.000,- kr. B\u00e5dtrailer kan tilk\u00f8bes for: 15.000,- kr. Se den lige nu i vores store b\u00e5dudstilling i Sydjylland.<\/p>\n<p>For mere information, ring gerne p\u00e5 telefon: 7457 1486<\/p>\n","protected":false},"excerpt":{"rendered":"<p>Til salg, pakketilbud &#8211; brugt Galia 560 med 100 hk. Yamaha motor<\/p>\n<p>&nbsp;<\/p>\n","protected":false},"featured_media":22901,"template":"","meta":[],"product_cat":[16],"product_tag":[121,94,73,55,61,102,149,151,122],"jetpack_sharing_enabled":true,"_links":{"self":[{"href":"https:\/\/www.mbboats.dk\/shop\/wp-json\/wp\/v2\/product\/22698"}],"collection":[{"href":"https:\/\/www.mbboats.dk\/shop\/wp-json\/wp\/v2\/product"}],"about":[{"href":"https:\/\/www.mbboats.dk\/shop\/wp-json\/wp\/v2\/types\/product"}],"wp:featuredmedia":[{"embeddable":true,"href":"https:\/\/www.mbboats.dk\/shop\/wp-json\/wp\/v2\/media\/22901"}],"wp:attachment":[{"href":"https:\/\/www.mbboats.dk\/shop\/wp-json\/wp\/v2\/media?parent=22698"}],"wp:term":[{"taxonomy":"product_cat","embeddable":true,"href":"https:\/\/www.mbboats.dk\/shop\/wp-json\/wp\/v2\/product_cat?post=22698"},{"taxonomy":"product_tag","embeddable":true,"href":"https:\/\/www.mbboats.dk\/shop\/wp-json\/wp\/v2\/product_tag?post=22698"}],"curies":[{"name":"wp","href":"https:\/\/api.w.org\/{rel}","templated":true}]}}