{"id":13812,"date":"2022-03-28T18:40:15","date_gmt":"2022-03-28T18:40:15","guid":{"rendered":"http:\/\/www.mbboats.dk\/shop\/?post_type=product&#038;p=13812"},"modified":"2026-03-26T00:16:20","modified_gmt":"2026-03-26T00:16:20","slug":"miki-sx700","status":"publish","type":"product","link":"https:\/\/www.mbboats.dk\/shop\/vare\/miki-sx700\/","title":{"rendered":"MIKI SX700"},"content":{"rendered":"<p>Nyproduceret daycruiser &#8211; MIKI SX700 er en hurtig, stabil, og veldesignet allround daycruiser, der er meget egnet til sejlads og vandsport i alle typer af danske farvande. B\u00e5den har lille planingst\u00e6rskel og god marchfart grundet bundens udformning. Den har samtidig en god lasteevne pga. det h\u00f8je fribord, og den er let at h\u00e5ndtere som trailerb\u00e5d. Det er masser af kabine- og afl\u00e6ggeplads under styrepulten.<br \/>\nDen viste pris er grundprisen for denne b\u00e5d &#8211; uden ekstraudstyr og ekskl. motor(bla. er teak-aptering og kaleche ekstraudstyr). Billederne er vejledende.<\/p>\n<p>For flere informationer omkring priser og udstyrspakker, ring gerne p\u00e5 telefon: 7457 1486<\/p>\n<p>Dimensioner: L\u00e6ngde: 6,95 m.<br \/>\nL\u00e6ngde i fod: 23<br \/>\nV\u00e6gt: 2000 kg.<br \/>\nMotortype: Outboard\/kort ben<br \/>\nMax. personer: 8 personer.<\/p>\n","protected":false},"excerpt":{"rendered":"[video width=\"848\" height=\"480\" mp4=\"https:\/\/www.mbboats.dk\/shop\/wp-content\/uploads\/2022\/03\/VID-20220706-WA0002.mp4\"][\/video]\n<p>Se video med MIKI SX700 motorb\u00e5d.<\/p>\n","protected":false},"featured_media":13814,"template":"","meta":[],"product_cat":[36],"product_tag":[145,75,53,76,146],"jetpack_sharing_enabled":true,"_links":{"self":[{"href":"https:\/\/www.mbboats.dk\/shop\/wp-json\/wp\/v2\/product\/13812"}],"collection":[{"href":"https:\/\/www.mbboats.dk\/shop\/wp-json\/wp\/v2\/product"}],"about":[{"href":"https:\/\/www.mbboats.dk\/shop\/wp-json\/wp\/v2\/types\/product"}],"wp:featuredmedia":[{"embeddable":true,"href":"https:\/\/www.mbboats.dk\/shop\/wp-json\/wp\/v2\/media\/13814"}],"wp:attachment":[{"href":"https:\/\/www.mbboats.dk\/shop\/wp-json\/wp\/v2\/media?parent=13812"}],"wp:term":[{"taxonomy":"product_cat","embeddable":true,"href":"https:\/\/www.mbboats.dk\/shop\/wp-json\/wp\/v2\/product_cat?post=13812"},{"taxonomy":"product_tag","embeddable":true,"href":"https:\/\/www.mbboats.dk\/shop\/wp-json\/wp\/v2\/product_tag?post=13812"}],"curies":[{"name":"wp","href":"https:\/\/api.w.org\/{rel}","templated":true}]}}