{"id":11200,"date":"2021-11-17T18:36:57","date_gmt":"2021-11-17T18:36:57","guid":{"rendered":"http:\/\/www.mbboats.dk\/shop\/?post_type=product&#038;p=11200"},"modified":"2023-05-17T12:29:29","modified_gmt":"2023-05-17T12:29:29","slug":"delfin-435","status":"publish","type":"product","link":"https:\/\/www.mbboats.dk\/shop\/vare\/delfin-435\/","title":{"rendered":"MIKI Delfin 435"},"content":{"rendered":"<p>MIKI Delfin 435 er en god allround-b\u00e5d, som har lille planingst\u00e6rskel og god marchfart grundet bunden. Den har samtidig god lasteevne pga. det h\u00f8je fribord, og er let at h\u00e5ndtere som trailerb\u00e5d.<\/p>\n","protected":false},"excerpt":{"rendered":"<p>Delfin 435 motorb\u00e5d<\/p>\n","protected":false},"featured_media":11207,"template":"","meta":[],"product_cat":[36],"product_tag":[],"jetpack_sharing_enabled":true,"_links":{"self":[{"href":"https:\/\/www.mbboats.dk\/shop\/wp-json\/wp\/v2\/product\/11200"}],"collection":[{"href":"https:\/\/www.mbboats.dk\/shop\/wp-json\/wp\/v2\/product"}],"about":[{"href":"https:\/\/www.mbboats.dk\/shop\/wp-json\/wp\/v2\/types\/product"}],"wp:featuredmedia":[{"embeddable":true,"href":"https:\/\/www.mbboats.dk\/shop\/wp-json\/wp\/v2\/media\/11207"}],"wp:attachment":[{"href":"https:\/\/www.mbboats.dk\/shop\/wp-json\/wp\/v2\/media?parent=11200"}],"wp:term":[{"taxonomy":"product_cat","embeddable":true,"href":"https:\/\/www.mbboats.dk\/shop\/wp-json\/wp\/v2\/product_cat?post=11200"},{"taxonomy":"product_tag","embeddable":true,"href":"https:\/\/www.mbboats.dk\/shop\/wp-json\/wp\/v2\/product_tag?post=11200"}],"curies":[{"name":"wp","href":"https:\/\/api.w.org\/{rel}","templated":true}]}}