{"id":8363,"date":"2021-06-29T10:19:57","date_gmt":"2021-06-29T10:19:57","guid":{"rendered":"http:\/\/www.mbboats.dk\/shop\/?page_id=8363"},"modified":"2026-03-30T21:17:24","modified_gmt":"2026-03-30T21:17:24","slug":"om-os","status":"publish","type":"page","link":"https:\/\/www.mbboats.dk\/shop\/om-os\/","title":{"rendered":"B\u00e5dservice"},"content":{"rendered":"\n<h2 class=\"wp-block-heading\"><strong> <\/strong><\/h2>\n\n\n\n<h2 class=\"wp-block-heading\">For\u00e5rsklarg\u00f8ring\/s\u00e6sonklarg\u00f8ring af b\u00e5de og b\u00e5dmotorer i Syd- og S\u00f8nderjylland<\/h2>\n\n\n\n<p>Hos M.B. Boats &amp; Sat-Com ApS tilbyder vi professionel service og for\u00e5rsklarg\u00f8ring af alle b\u00e5dtyper: Motorb\u00e5de, motorjoller, daycruisere, Williams jetb\u00e5de, og sejlb\u00e5de. Efter en lang vinteropbevaring af en b\u00e5d, er det vigtigt at den bliver professionelt efterset, serviceret og klargjort til den nye s\u00e6son, s\u00e5 alt virker som det skal n\u00e5r den skal i vandet. Vi har mange \u00e5rs erfaring med polering, bundmaling, motor-reparationer, udskiftning af reservedele, samt service af alle typer b\u00e5de og b\u00e5dmotorer.<\/p>\n\n\n\n<p>Motor\/p\u00e5h\u00e6ngsmotor: Skift af motorolie, udskiftning af slidt pumpehjul\/impeller, korrekt opsp\u00e6nding af drivrem, kontrol af filtre\/evt. udskiftning, ny bundprop pakning, kontrol af div. slanger og r\u00f8r for revner og ut\u00e6theder m.m.<\/p>\n\n\n\n<p>El\/elsystem: Generel tjek af elsystem, kontrol af termostat, opladning af batterier, udskiftning af defekte sikringer, rensning af polsko m.m.<\/p>\n\n\n\n<p>Slibning, maling og efterbehandling. Vi anbefaler at man f\u00e5r lavet en grundig overordnet reng\u00f8ring af b\u00e5den, herefter foretages eventuelt afslibning af afskalninger etc. Og derefter p\u00e5f\u00f8ring af professionel bundmaling, polering og beskyttelse af b\u00e5den.<\/p>\n\n\n\n<p><\/p>\n\n\n\n<figure class=\"wp-block-image size-large\"><img decoding=\"async\" loading=\"lazy\" width=\"1024\" height=\"768\" src=\"https:\/\/www.mbboats.dk\/shop\/wp-content\/uploads\/2023\/03\/foraarsklargoering_baade_soenderjylland-1024x768.jpg\" alt=\"For\u00e5rsklarg\u00f8ring af alle typer b\u00e5dmotorer i Syd- og S\u00f8nderjylland\" class=\"wp-image-20409\" srcset=\"https:\/\/www.mbboats.dk\/shop\/wp-content\/uploads\/2023\/03\/foraarsklargoering_baade_soenderjylland-1024x768.jpg 1024w, https:\/\/www.mbboats.dk\/shop\/wp-content\/uploads\/2023\/03\/foraarsklargoering_baade_soenderjylland-300x225.jpg 300w, https:\/\/www.mbboats.dk\/shop\/wp-content\/uploads\/2023\/03\/foraarsklargoering_baade_soenderjylland-768x576.jpg 768w, https:\/\/www.mbboats.dk\/shop\/wp-content\/uploads\/2023\/03\/foraarsklargoering_baade_soenderjylland-324x243.jpg 324w, https:\/\/www.mbboats.dk\/shop\/wp-content\/uploads\/2023\/03\/foraarsklargoering_baade_soenderjylland-416x312.jpg 416w, https:\/\/www.mbboats.dk\/shop\/wp-content\/uploads\/2023\/03\/foraarsklargoering_baade_soenderjylland.jpg 1200w\" sizes=\"(max-width: 1024px) 100vw, 1024px\" \/><\/figure>\n\n\n\n<div style=\"height:100px\" aria-hidden=\"true\" class=\"wp-block-spacer\"><\/div>\n\n\n\n<h2 class=\"wp-block-heading\">Vinterklarg\u00f8ring, konservering, og service af b\u00e5de og b\u00e5dmotorer i Syd- og S\u00f8nderjylland<\/h2>\n\n\n\n<p>P\u00e5 vores b\u00e5dv\u00e6rksted i Haderslev udf\u00f8rer vi komplet eller delvis vinterklarg\u00f8ring af alle typer b\u00e5de og b\u00e5dmotorer. Efter b\u00e5ds\u00e6sonen er slut og b\u00e5den skal p\u00e5 land, er det en god ide at f\u00e5 foretaget en professionel vinterklarg\u00f8ring\/konservering af b\u00e5d, indboardmotor, og p\u00e5h\u00e6ngsmotor.<\/p>\n\n\n\n<p>Marineservice, vi tilbyder eks: Konservering af b\u00e5dmotor med frostv\u00e6ske, olieskift, nyt oliefilter og br\u00e6ndstoffilter, olie, slanger, filtre m.m. Kontrol og udskiftning af impeller p\u00e5 indenbordsmotorer. Motorservice med gennemgang og evt. udskiftning af slidte mekaniske dele p\u00e5 alle typer b\u00e5dmotorer \u2013 indenbordsmotorer og p\u00e5h\u00e6ngsmotorer. Batteritjek, udskiftning af gearolie samt kontrol af t\u00e6ndr\u00f8r og tandrem p\u00e5 b\u00e5dmotorer. Afrensning af bund for skaller, rurer, alger og lign. Maling og polering af bund, samt professionel dybdeg\u00e5ende reng\u00f8ring af b\u00e5d ind- og udvendig.<\/p>\n\n\n\n<p>I vores b\u00e5dbutik f\u00f8rer vi altid et stort udvalg i plejeprodukter og reservedele til b\u00e5de fra alle de f\u00f8rende producenter.<\/p>\n\n\n\n<figure class=\"wp-block-image size-large\"><img decoding=\"async\" loading=\"lazy\" width=\"1024\" height=\"768\" src=\"https:\/\/www.mbboats.dk\/shop\/wp-content\/uploads\/2022\/10\/vinterklargoering_baade_sydjylland-1024x768.jpg\" alt=\"Vinterklarg\u00f8ring af alle typer b\u00e5dmotorer i Syd- og S\u00f8nderjylland\" class=\"wp-image-17720\" srcset=\"https:\/\/www.mbboats.dk\/shop\/wp-content\/uploads\/2022\/10\/vinterklargoering_baade_sydjylland-1024x768.jpg 1024w, https:\/\/www.mbboats.dk\/shop\/wp-content\/uploads\/2022\/10\/vinterklargoering_baade_sydjylland-300x225.jpg 300w, https:\/\/www.mbboats.dk\/shop\/wp-content\/uploads\/2022\/10\/vinterklargoering_baade_sydjylland-768x576.jpg 768w, https:\/\/www.mbboats.dk\/shop\/wp-content\/uploads\/2022\/10\/vinterklargoering_baade_sydjylland-324x243.jpg 324w, https:\/\/www.mbboats.dk\/shop\/wp-content\/uploads\/2022\/10\/vinterklargoering_baade_sydjylland-416x312.jpg 416w, https:\/\/www.mbboats.dk\/shop\/wp-content\/uploads\/2022\/10\/vinterklargoering_baade_sydjylland.jpg 1200w\" sizes=\"(max-width: 1024px) 100vw, 1024px\" \/><\/figure>\n\n\n\n<div style=\"height:100px\" aria-hidden=\"true\" class=\"wp-block-spacer\"><\/div>\n\n\n\n<h2 class=\"wp-block-heading\">G\u00f8r det selv plejeprodukter m.m. til klarg\u00f8ring af b\u00e5d og vandscooter<\/h2>\n\n\n\n<p>M.B. Boats &amp; Sat-Com ApS forhandler et stort udvalg af anerkendte plejeprodukter, glasfiber reparations-kit og oliefiltre\/motorolie m.m.&nbsp;til b\u00e5de og vandscootere. Vi har et velassorteret lager med reservedele, elektronisk udstyr til b\u00e5de, herunder navigationsudstyr\/GPS &amp; marina-udstyr, sanitet til b\u00e5de, slanger &amp; gummilister samt meget mere.<\/p>\n\n\n\n<figure class=\"wp-block-image\"><img decoding=\"async\" loading=\"lazy\" width=\"828\" height=\"621\" src=\"https:\/\/www.mbboats.dk\/shop\/wp-content\/uploads\/2021\/06\/plejeprodukter_til_baad_sydjylland.jpg\" alt=\"Plejeprodukter og reservedele til motorb\u00e5de og b\u00e5dmotorer, navigationsudstyr m.m.\" class=\"wp-image-8364\" srcset=\"https:\/\/www.mbboats.dk\/shop\/wp-content\/uploads\/2021\/06\/plejeprodukter_til_baad_sydjylland.jpg 828w, https:\/\/www.mbboats.dk\/shop\/wp-content\/uploads\/2021\/06\/plejeprodukter_til_baad_sydjylland-324x243.jpg 324w, https:\/\/www.mbboats.dk\/shop\/wp-content\/uploads\/2021\/06\/plejeprodukter_til_baad_sydjylland-300x225.jpg 300w, https:\/\/www.mbboats.dk\/shop\/wp-content\/uploads\/2021\/06\/plejeprodukter_til_baad_sydjylland-768x576.jpg 768w, https:\/\/www.mbboats.dk\/shop\/wp-content\/uploads\/2021\/06\/plejeprodukter_til_baad_sydjylland-416x312.jpg 416w\" sizes=\"(max-width: 828px) 100vw, 828px\" \/><\/figure>\n","protected":false},"excerpt":{"rendered":"<p>For\u00e5rsklarg\u00f8ring\/s\u00e6sonklarg\u00f8ring af b\u00e5de og b\u00e5dmotorer i Syd- og S\u00f8nderjylland Hos M.B. Boats &amp; Sat-Com ApS tilbyder vi professionel service og for\u00e5rsklarg\u00f8ring af alle b\u00e5dtyper: Motorb\u00e5de, motorjoller, daycruisere, Williams jetb\u00e5de, og sejlb\u00e5de. Efter en lang vinteropbevaring af en b\u00e5d, er det vigtigt at den bliver professionelt efterset, serviceret og klargjort til den nye s\u00e6son, s\u00e5 alt [&hellip;]<\/p>\n","protected":false},"author":9,"featured_media":0,"parent":0,"menu_order":0,"comment_status":"closed","ping_status":"closed","template":"","meta":{"footnotes":""},"jetpack_sharing_enabled":true,"_links":{"self":[{"href":"https:\/\/www.mbboats.dk\/shop\/wp-json\/wp\/v2\/pages\/8363"}],"collection":[{"href":"https:\/\/www.mbboats.dk\/shop\/wp-json\/wp\/v2\/pages"}],"about":[{"href":"https:\/\/www.mbboats.dk\/shop\/wp-json\/wp\/v2\/types\/page"}],"author":[{"embeddable":true,"href":"https:\/\/www.mbboats.dk\/shop\/wp-json\/wp\/v2\/users\/9"}],"replies":[{"embeddable":true,"href":"https:\/\/www.mbboats.dk\/shop\/wp-json\/wp\/v2\/comments?post=8363"}],"version-history":[{"count":52,"href":"https:\/\/www.mbboats.dk\/shop\/wp-json\/wp\/v2\/pages\/8363\/revisions"}],"predecessor-version":[{"id":23160,"href":"https:\/\/www.mbboats.dk\/shop\/wp-json\/wp\/v2\/pages\/8363\/revisions\/23160"}],"wp:attachment":[{"href":"https:\/\/www.mbboats.dk\/shop\/wp-json\/wp\/v2\/media?parent=8363"}],"curies":[{"name":"wp","href":"https:\/\/api.w.org\/{rel}","templated":true}]}}